{"id":65,"date":"2015-08-04T16:44:58","date_gmt":"2015-08-04T14:44:58","guid":{"rendered":"http:\/\/www.guentherfloner.at\/soziokultur\/?page_id=65"},"modified":"2024-03-19T09:17:18","modified_gmt":"2024-03-19T08:17:18","slug":"impressum","status":"publish","type":"page","link":"https:\/\/www.guentherfloner.at\/soziokultur\/impressum\/","title":{"rendered":"Impressum"},"content":{"rendered":"<div class=\"wp-block-image\">\n<figure class=\"aligncenter size-large\"><a href=\"https:\/\/www.guentherfloner.at\/soziokultur\/wp-content\/uploads\/2018\/09\/cropped-header03.soziokulturoesterreich.vereinfuereinelebenswertezukunft1380m280px.jpg\"><img loading=\"lazy\" decoding=\"async\" width=\"1024\" height=\"208\" src=\"https:\/\/www.guentherfloner.at\/soziokultur\/wp-content\/uploads\/2018\/09\/cropped-header03.soziokulturoesterreich.vereinfuereinelebenswertezukunft1380m280px-1024x208.jpg\" alt=\"\" class=\"wp-image-1238\" srcset=\"https:\/\/www.guentherfloner.at\/soziokultur\/wp-content\/uploads\/2018\/09\/cropped-header03.soziokulturoesterreich.vereinfuereinelebenswertezukunft1380m280px-1024x208.jpg 1024w, https:\/\/www.guentherfloner.at\/soziokultur\/wp-content\/uploads\/2018\/09\/cropped-header03.soziokulturoesterreich.vereinfuereinelebenswertezukunft1380m280px-300x61.jpg 300w, https:\/\/www.guentherfloner.at\/soziokultur\/wp-content\/uploads\/2018\/09\/cropped-header03.soziokulturoesterreich.vereinfuereinelebenswertezukunft1380m280px-768x156.jpg 768w, https:\/\/www.guentherfloner.at\/soziokultur\/wp-content\/uploads\/2018\/09\/cropped-header03.soziokulturoesterreich.vereinfuereinelebenswertezukunft1380m280px.jpg 1380w\" sizes=\"auto, (max-width: 1024px) 100vw, 1024px\" \/><\/a><\/figure>\n<\/div>\n\n\n<p class=\"has-text-align-left\"><\/p>\n\n\n\n<p class=\"has-text-align-left\">Soziokultur &#8211; Verein zur F\u00f6rderung von nat\u00fcrlichem Leben und kultureller Entwicklung<br> ZVR-Zahl: 84 829 2 829<br>BH 2620 Neunkirchen<br>\u00d6sterreich<\/p>\n\n\n\n<p class=\"has-text-align-left\">Obmann:<br>G\u00fcnther Floner<br>Kulturarbeiter \u2013 Wahrheitssucher \u2013\u00a0Bildender K\u00fcnstler<br><a href=\"mailto:info@guentherfloner.at\">info@guentherfloner.at<\/a><span style=\"font-size: 16px;\"><span style=\"font-family: arial, helvetica, sans-serif;\"><a href=\"mailto:info@guentherfloner.at\"><br><\/a><\/span><\/span><\/p>\n\n\n\n<p class=\"has-text-align-left\">Kassierin:<br>Lydia Motsch<br>Hausfrau &#8211; G\u00e4rtnerin &#8211; Ruhepol<\/p>\n\n\n\n<p class=\"has-text-align-left\">Schriftf\u00fchrer:<br>Alexander Hofer<br>Kommunikator &#8211; Hoffnungstr\u00e4ger &#8211; Entertainer<br><a href=\"http:\/\/mailto:ax.hofer@gmx.at\">ax.hofer@gmx.at<\/a><\/p>\n\n\n\n<p><strong>Kontonummer f\u00fcr Spenden:<\/strong><\/p>\n\n\n\n<p>IBAN: AT10 3293 7000 0331 7468<\/p>\n\n\n\n<p>Verantwortlich f\u00fcr Gestaltung und\u00a0Inhalt dieser Webseite:<br> G\u00fcnther Floner<span style=\"font-size: 16px;\"><span style=\"font-family: arial, helvetica, sans-serif;\"><br><\/span><\/span><a href=\"http:\/\/www.guentherfloner.at\/\" target=\"_blank\" rel=\"noopener\">https:\/\/www.guentherfloner.at\/<\/a><span style=\"font-size: 16px;\"><span style=\"font-family: arial, helvetica, sans-serif;\"><br><\/span><\/span><\/p>\n\n\n<div class=\"wp-block-image\">\n<figure class=\"aligncenter size-large\"><a href=\"https:\/\/www.guentherfloner.at\/soziokultur\/1462\/bildende-beratung\/\" target=\"_blank\" rel=\"noopener\"><img loading=\"lazy\" decoding=\"async\" width=\"1024\" height=\"680\" src=\"https:\/\/www.guentherfloner.at\/soziokultur\/wp-content\/uploads\/2022\/01\/naturbilder.bildendeberatung.krokus1120m744px-1024x680.jpg\" alt=\"Bildende Beratung - F\u00fcr Menschen, die sich weiterentwickeln wollen\" class=\"wp-image-1466\" srcset=\"https:\/\/www.guentherfloner.at\/soziokultur\/wp-content\/uploads\/2022\/01\/naturbilder.bildendeberatung.krokus1120m744px-1024x680.jpg 1024w, https:\/\/www.guentherfloner.at\/soziokultur\/wp-content\/uploads\/2022\/01\/naturbilder.bildendeberatung.krokus1120m744px-300x199.jpg 300w, https:\/\/www.guentherfloner.at\/soziokultur\/wp-content\/uploads\/2022\/01\/naturbilder.bildendeberatung.krokus1120m744px-768x510.jpg 768w, https:\/\/www.guentherfloner.at\/soziokultur\/wp-content\/uploads\/2022\/01\/naturbilder.bildendeberatung.krokus1120m744px.jpg 1120w\" sizes=\"auto, (max-width: 1024px) 100vw, 1024px\" \/><\/a><figcaption class=\"wp-element-caption\">Die <a href=\"https:\/\/www.guentherfloner.at\/soziokultur\/1462\/bildende-beratung\/\">Bildende Beratung<\/a> von G\u00fcnther Floner ist ausschlie\u00dflich f\u00fcr Menschen konzipiert, die etwas in ihrem Leben ver\u00e4ndern wollen<\/figcaption><\/figure>\n<\/div>\n\n\n\n<div class=\"wp-block-image\">\n<figure class=\"aligncenter size-large\"><a href=\"https:\/\/www.guentherfloner.at\/soziokultur\/wp-content\/uploads\/2024\/03\/sabineflonermeerderheerzen1120m684px.jpg\" target=\"_blank\" rel=\"noreferrer noopener\"><img loading=\"lazy\" decoding=\"async\" width=\"1024\" height=\"625\" src=\"https:\/\/www.guentherfloner.at\/soziokultur\/wp-content\/uploads\/2024\/03\/sabineflonermeerderheerzen1120m684px-1024x625.jpg\" alt=\"Sabine Floner - Meer der Herzen - Illustrationen und Design\" class=\"wp-image-1815\" srcset=\"https:\/\/www.guentherfloner.at\/soziokultur\/wp-content\/uploads\/2024\/03\/sabineflonermeerderheerzen1120m684px-1024x625.jpg 1024w, https:\/\/www.guentherfloner.at\/soziokultur\/wp-content\/uploads\/2024\/03\/sabineflonermeerderheerzen1120m684px-300x183.jpg 300w, https:\/\/www.guentherfloner.at\/soziokultur\/wp-content\/uploads\/2024\/03\/sabineflonermeerderheerzen1120m684px-768x469.jpg 768w, https:\/\/www.guentherfloner.at\/soziokultur\/wp-content\/uploads\/2024\/03\/sabineflonermeerderheerzen1120m684px.jpg 1120w\" sizes=\"auto, (max-width: 1024px) 100vw, 1024px\" \/><\/a><figcaption class=\"wp-element-caption\"><a href=\"https:\/\/www.guentherfloner.at\/sabinefloner.at\/\" target=\"_blank\" rel=\"noreferrer noopener\">Sabine Floner &#8211; Meer der Herzen &#8211; Illustrationen und Design<\/a><\/figcaption><\/figure>\n<\/div>\n\n\n<p><span style=\"font-size: 16px;\"><\/span><\/p>\n","protected":false},"excerpt":{"rendered":"<p>Soziokultur &#8211; Verein zur F\u00f6rderung von nat\u00fcrlichem Leben und kultureller Entwicklung ZVR-Zahl: 84 829 2 829BH 2620 Neunkirchen\u00d6sterreich Obmann:G\u00fcnther FlonerKulturarbeiter \u2013 Wahrheitssucher \u2013\u00a0Bildender K\u00fcnstlerinfo@guentherfloner.at Kassierin:Lydia MotschHausfrau &#8211; G\u00e4rtnerin &#8211; Ruhepol Schriftf\u00fchrer:Alexander HoferKommunikator &#8211; Hoffnungstr\u00e4ger&#46;&#46;&#46;<\/p>\n","protected":false},"author":1,"featured_media":1530,"parent":0,"menu_order":0,"comment_status":"closed","ping_status":"closed","template":"","meta":{"footnotes":""},"class_list":["post-65","page","type-page","status-publish","has-post-thumbnail","hentry"],"_links":{"self":[{"href":"https:\/\/www.guentherfloner.at\/soziokultur\/wp-json\/wp\/v2\/pages\/65","targetHints":{"allow":["GET"]}}],"collection":[{"href":"https:\/\/www.guentherfloner.at\/soziokultur\/wp-json\/wp\/v2\/pages"}],"about":[{"href":"https:\/\/www.guentherfloner.at\/soziokultur\/wp-json\/wp\/v2\/types\/page"}],"author":[{"embeddable":true,"href":"https:\/\/www.guentherfloner.at\/soziokultur\/wp-json\/wp\/v2\/users\/1"}],"replies":[{"embeddable":true,"href":"https:\/\/www.guentherfloner.at\/soziokultur\/wp-json\/wp\/v2\/comments?post=65"}],"version-history":[{"count":1,"href":"https:\/\/www.guentherfloner.at\/soziokultur\/wp-json\/wp\/v2\/pages\/65\/revisions"}],"predecessor-version":[{"id":1816,"href":"https:\/\/www.guentherfloner.at\/soziokultur\/wp-json\/wp\/v2\/pages\/65\/revisions\/1816"}],"wp:featuredmedia":[{"embeddable":true,"href":"https:\/\/www.guentherfloner.at\/soziokultur\/wp-json\/wp\/v2\/media\/1530"}],"wp:attachment":[{"href":"https:\/\/www.guentherfloner.at\/soziokultur\/wp-json\/wp\/v2\/media?parent=65"}],"curies":[{"name":"wp","href":"https:\/\/api.w.org\/{rel}","templated":true}]}}