{"id":56,"date":"2015-08-04T16:35:31","date_gmt":"2015-08-04T14:35:31","guid":{"rendered":"http:\/\/www.guentherfloner.at\/soziokultur\/?page_id=56"},"modified":"2019-02-14T09:59:32","modified_gmt":"2019-02-14T08:59:32","slug":"die-bedeutung-von-af-barha","status":"publish","type":"page","link":"https:\/\/www.guentherfloner.at\/soziokultur\/heilkraeuter-elixiere\/die-bedeutung-von-af-barha\/","title":{"rendered":"Die Bedeutung von &#8230;af b&#8217;arha"},"content":{"rendered":"<p><span style=\"font-family: arial, helvetica, sans-serif;\">Die Worte\u00a0 d\u2019bw\u00e2schmaya af b\u2019arha kommen aus dem Aram\u00e4ischen, dass ist die Sprache, die vor 2000 Jahren in Pal\u00e4stina und Galil\u00e4a gesprochen wurde. Jesus, der Christus hat wahrscheinlich so gelehrt. Der Satz stammt aus einem Gebet und bedeutet frei \u00fcbersetzt: m\u00f6gen Himmel und Erde vereint werden. Dies ist der Ausgangspunkt f\u00fcr <a title=\"Wenn Sie hier klicken, k\u00f6nnen Sie sich ein Bild von der Vision d'bwaschmaya af b'arha machen\" href=\"http:\/\/www.guentherfloner.at\/soziokultur\/die-vision-vom-himmel-auf-erden\/\">die Vision vom Himmel auf Erden<\/a>\u00a0und er<\/span><span style=\"font-family: arial, helvetica, sans-serif;\">\u00a0kann die Inspiration sein, die sich aufmacht, den Blick zu weiten und vielleicht auch die pers\u00f6nlich richtigen Heilkr\u00e4uter f\u00fcr die Einleitung dieser Entwicklung zu finden.<\/span><\/p>\n<p><span style=\"font-family: arial, helvetica, sans-serif;\">Die Pflanzen k\u00f6nnen in\u00a0der Erde keimen, wenn sie auch Wasser, W\u00e4rme und Licht sp\u00fcren. Dieses Zusammenwirken l\u00e4sst ihr erstes Erwachen zu. Ihre Pers\u00f6nlichkeit und ihre Heilkraft werden ihnen dann vom Himmel zugestrahlt und geschenkt.<br \/>\n<\/span><span style=\"font-family: arial, helvetica, sans-serif;\">Die Verbindung dieser beiden Welten <\/span><span style=\"font-family: arial, helvetica, sans-serif;\">&#8211; <a title=\"Wenn Sie hier klicken, kommen Sie zur Seite d'bwaschmaya af b'arha, die Vision vom Himmel auf Erden\" href=\"http:\/\/www.guentherfloner.at\/soziokultur\/die-vision-vom-himmel-auf-erden\/\">die Verbindung von Himmel und Erde<\/a> &#8211;\u00a0d&#8217;bwaschmaya af b&#8217;arha,<br \/>\nbeschreibt also auch bildhaft die Wirkungsweisen der Heilkr\u00e4uter<br \/>\nund damit\u00a0die Vision f\u00fcr eine zuk\u00fcnftige Haltung und Lebensart.<\/span><\/p>\n<p><span style=\"font-family: arial, helvetica, sans-serif;\"><img loading=\"lazy\" decoding=\"async\" class=\"aligncenter size-full wp-image-1327\" src=\"https:\/\/www.guentherfloner.at\/soziokultur\/wp-content\/uploads\/2019\/02\/pictureline01.heilkraeuterlesbar720m157px.jpg\" alt=\"Pictureline 07 Heilkr\u00e4uter helfen leben\" width=\"720\" height=\"157\" srcset=\"https:\/\/www.guentherfloner.at\/soziokultur\/wp-content\/uploads\/2019\/02\/pictureline01.heilkraeuterlesbar720m157px.jpg 720w, https:\/\/www.guentherfloner.at\/soziokultur\/wp-content\/uploads\/2019\/02\/pictureline01.heilkraeuterlesbar720m157px-300x65.jpg 300w\" sizes=\"auto, (max-width: 720px) 100vw, 720px\" \/>\u00a0<\/span><\/p>\n","protected":false},"excerpt":{"rendered":"<p>Die Worte\u00a0 d\u2019bw\u00e2schmaya af b\u2019arha kommen aus dem Aram\u00e4ischen, dass ist die Sprache, die vor 2000 Jahren in Pal\u00e4stina und Galil\u00e4a gesprochen wurde. Jesus, der Christus hat wahrscheinlich so gelehrt. Der Satz stammt aus&#46;&#46;&#46;<\/p>\n","protected":false},"author":1,"featured_media":0,"parent":252,"menu_order":0,"comment_status":"closed","ping_status":"closed","template":"","meta":{"footnotes":""},"class_list":["post-56","page","type-page","status-publish","hentry"],"_links":{"self":[{"href":"https:\/\/www.guentherfloner.at\/soziokultur\/wp-json\/wp\/v2\/pages\/56","targetHints":{"allow":["GET"]}}],"collection":[{"href":"https:\/\/www.guentherfloner.at\/soziokultur\/wp-json\/wp\/v2\/pages"}],"about":[{"href":"https:\/\/www.guentherfloner.at\/soziokultur\/wp-json\/wp\/v2\/types\/page"}],"author":[{"embeddable":true,"href":"https:\/\/www.guentherfloner.at\/soziokultur\/wp-json\/wp\/v2\/users\/1"}],"replies":[{"embeddable":true,"href":"https:\/\/www.guentherfloner.at\/soziokultur\/wp-json\/wp\/v2\/comments?post=56"}],"version-history":[{"count":0,"href":"https:\/\/www.guentherfloner.at\/soziokultur\/wp-json\/wp\/v2\/pages\/56\/revisions"}],"up":[{"embeddable":true,"href":"https:\/\/www.guentherfloner.at\/soziokultur\/wp-json\/wp\/v2\/pages\/252"}],"wp:attachment":[{"href":"https:\/\/www.guentherfloner.at\/soziokultur\/wp-json\/wp\/v2\/media?parent=56"}],"curies":[{"name":"wp","href":"https:\/\/api.w.org\/{rel}","templated":true}]}}