{"id":103,"date":"2015-08-06T11:52:05","date_gmt":"2015-08-06T09:52:05","guid":{"rendered":"http:\/\/www.guentherfloner.at\/soziokultur\/?page_id=103"},"modified":"2024-03-19T09:33:04","modified_gmt":"2024-03-19T08:33:04","slug":"kontakt","status":"publish","type":"page","link":"https:\/\/www.guentherfloner.at\/soziokultur\/kontakt\/","title":{"rendered":"Kontakt"},"content":{"rendered":"<div class=\"wp-block-image\">\n<figure class=\"aligncenter size-large\"><a href=\"https:\/\/www.guentherfloner.at\/soziokultur\/wp-content\/uploads\/2018\/09\/cropped-header03.soziokulturoesterreich.vereinfuereinelebenswertezukunft1380m280px.jpg\"><img loading=\"lazy\" decoding=\"async\" width=\"1024\" height=\"208\" src=\"https:\/\/www.guentherfloner.at\/soziokultur\/wp-content\/uploads\/2018\/09\/cropped-header03.soziokulturoesterreich.vereinfuereinelebenswertezukunft1380m280px-1024x208.jpg\" alt=\"Soziokultur \u00d6sterreich - Verein f\u00fcr kulturelle und geistige Entwicklung\" class=\"wp-image-1238\" srcset=\"https:\/\/www.guentherfloner.at\/soziokultur\/wp-content\/uploads\/2018\/09\/cropped-header03.soziokulturoesterreich.vereinfuereinelebenswertezukunft1380m280px-1024x208.jpg 1024w, https:\/\/www.guentherfloner.at\/soziokultur\/wp-content\/uploads\/2018\/09\/cropped-header03.soziokulturoesterreich.vereinfuereinelebenswertezukunft1380m280px-300x61.jpg 300w, https:\/\/www.guentherfloner.at\/soziokultur\/wp-content\/uploads\/2018\/09\/cropped-header03.soziokulturoesterreich.vereinfuereinelebenswertezukunft1380m280px-768x156.jpg 768w, https:\/\/www.guentherfloner.at\/soziokultur\/wp-content\/uploads\/2018\/09\/cropped-header03.soziokulturoesterreich.vereinfuereinelebenswertezukunft1380m280px.jpg 1380w\" sizes=\"auto, (max-width: 1024px) 100vw, 1024px\" \/><\/a><figcaption class=\"wp-element-caption\">Soziokultur \u00d6sterreich &#8211; Verein f\u00fcr kulturelle und geistige Entwicklung<\/figcaption><\/figure>\n<\/div>\n\n\n<p class=\"has-text-align-center\"><\/p>\n\n\n\n<p class=\"has-text-align-center\">Der Verein Soziokultur hat seinen Sitz in Warth in Nieder-\u00d6sterreich.<br>Sie k\u00f6nnen per <\/p>\n\n\n\n<ul class=\"wp-block-list\">\n<li>E-Mail jederzeit<br>Kontakt mit Obmann G\u00fcnther Floner aufnehmen:<\/li>\n<\/ul>\n\n\n\n<p class=\"has-text-align-center\"><a title=\"Wenn Sie hier klicken, \u00f6ffnet sich sofort eine neue E-Mailseite f\u00fcr Sie\" href=\"mailto:info@guentherfloner.at\">info@guentherfloner.at<\/a><\/p>\n\n\n\n<ul class=\"wp-block-list\">\n<li>Tel. in Ausnahmef\u00e4llen: 0660 &#8211; 52 82 058<br><br>und Sie k\u00f6nnen sich in weiterer Folge<br><a title=\"Wenn Sie hier klicken, \u00f6ffnet sich eine Landkarte und Sie k\u00f6nnen sich gleich die Route von Ihnen zum Verein 'Soziokultur' zeigen lassen\" href=\"https:\/\/www.google.com\/maps\/place\/Verein+Soziokultur\/@47.6598468,16.1263659,17z\/data=!3m1!4b1!4m5!3m4!1s0x0:0x131fbbf8f2066d6f!8m2!3d47.6598468!4d16.1285546?hl=de\" target=\"_blank\" rel=\"noopener\"> hier mit einem Klick auf Google maps den direkten Weg anzeigen lassen.<\/a><\/li>\n<\/ul>\n\n\n<div class=\"wp-block-image\">\n<figure class=\"aligncenter\"><a href=\"https:\/\/www.guentherfloner.at\/dasleisekulturhaus\/\" target=\"_blank\" rel=\"noreferrer noopener\"><img loading=\"lazy\" decoding=\"async\" width=\"1120\" height=\"560\" src=\"https:\/\/www.guentherfloner.at\/soziokultur\/wp-content\/uploads\/2024\/03\/dasleisekulturhaus.bildertafelaktuell1120m560px.jpg\" alt=\"Das leise Kulturhaus\" class=\"wp-image-1522\" srcset=\"https:\/\/www.guentherfloner.at\/soziokultur\/wp-content\/uploads\/2024\/03\/dasleisekulturhaus.bildertafelaktuell1120m560px.jpg 1120w, https:\/\/www.guentherfloner.at\/soziokultur\/wp-content\/uploads\/2024\/03\/dasleisekulturhaus.bildertafelaktuell1120m560px-300x150.jpg 300w, https:\/\/www.guentherfloner.at\/soziokultur\/wp-content\/uploads\/2024\/03\/dasleisekulturhaus.bildertafelaktuell1120m560px-1024x512.jpg 1024w, https:\/\/www.guentherfloner.at\/soziokultur\/wp-content\/uploads\/2024\/03\/dasleisekulturhaus.bildertafelaktuell1120m560px-768x384.jpg 768w\" sizes=\"auto, (max-width: 1120px) 100vw, 1120px\" \/><\/a><figcaption class=\"wp-element-caption\">Das aktuelle Projekt von <a href=\"https:\/\/www.guentherfloner.at\/\" target=\"_blank\" rel=\"noreferrer noopener\">G\u00fcnther Floner<\/a> und <a href=\"https:\/\/www.guentherfloner.at\/sabinefloner.at\/\" target=\"_blank\" rel=\"noreferrer noopener\">Sabine Floner<\/a> &#8211; <a href=\"https:\/\/www.guentherfloner.at\/dasleisekulturhaus\/\" target=\"_blank\" rel=\"noreferrer noopener\">Das leise Kulturhaus<\/a><\/figcaption><\/figure>\n<\/div>\n\n\n<p class=\"has-text-align-center\"><br><span style=\"font-family: arial,helvetica,sans-serif; font-size: 16px;\">Marktstra\u00dfe 2<\/span><br><span style=\"font-family: arial,helvetica,sans-serif; font-size: 16px;\">2831 Warth<\/span><br><span style=\"font-family: arial,helvetica,sans-serif; font-size: 16px;\">Bucklige Welt<\/span><br><span style=\"font-family: arial,helvetica,sans-serif; font-size: 16px;\">Nieder-\u00d6sterre<\/span><span style=\"font-family: arial,helvetica,sans-serif; font-size: 16px;\">ich<\/span><\/p>\n","protected":false},"excerpt":{"rendered":"<p>Der Verein Soziokultur hat seinen Sitz in Warth in Nieder-\u00d6sterreich.Sie k\u00f6nnen per info@guentherfloner.at Marktstra\u00dfe 22831 WarthBucklige WeltNieder-\u00d6sterreich<\/p>\n","protected":false},"author":1,"featured_media":1740,"parent":0,"menu_order":0,"comment_status":"closed","ping_status":"open","template":"","meta":{"footnotes":""},"class_list":["post-103","page","type-page","status-publish","has-post-thumbnail","hentry"],"_links":{"self":[{"href":"https:\/\/www.guentherfloner.at\/soziokultur\/wp-json\/wp\/v2\/pages\/103","targetHints":{"allow":["GET"]}}],"collection":[{"href":"https:\/\/www.guentherfloner.at\/soziokultur\/wp-json\/wp\/v2\/pages"}],"about":[{"href":"https:\/\/www.guentherfloner.at\/soziokultur\/wp-json\/wp\/v2\/types\/page"}],"author":[{"embeddable":true,"href":"https:\/\/www.guentherfloner.at\/soziokultur\/wp-json\/wp\/v2\/users\/1"}],"replies":[{"embeddable":true,"href":"https:\/\/www.guentherfloner.at\/soziokultur\/wp-json\/wp\/v2\/comments?post=103"}],"version-history":[{"count":2,"href":"https:\/\/www.guentherfloner.at\/soziokultur\/wp-json\/wp\/v2\/pages\/103\/revisions"}],"predecessor-version":[{"id":1818,"href":"https:\/\/www.guentherfloner.at\/soziokultur\/wp-json\/wp\/v2\/pages\/103\/revisions\/1818"}],"wp:featuredmedia":[{"embeddable":true,"href":"https:\/\/www.guentherfloner.at\/soziokultur\/wp-json\/wp\/v2\/media\/1740"}],"wp:attachment":[{"href":"https:\/\/www.guentherfloner.at\/soziokultur\/wp-json\/wp\/v2\/media?parent=103"}],"curies":[{"name":"wp","href":"https:\/\/api.w.org\/{rel}","templated":true}]}}