{"id":82,"date":"2016-01-02T17:43:05","date_gmt":"2016-01-02T16:43:05","guid":{"rendered":"http:\/\/www.guentherfloner.at\/dieschwachen\/?page_id=82"},"modified":"2024-04-02T15:46:21","modified_gmt":"2024-04-02T13:46:21","slug":"diebewegung","status":"publish","type":"page","link":"https:\/\/www.guentherfloner.at\/dieschwachen\/diebewegung\/","title":{"rendered":"Die Bewegung"},"content":{"rendered":"\n<h2 class=\"wp-block-heading\">Die Bewegung<\/h2>\n\n\n\n<p class=\"has-text-align-center\"><span style=\"font-family: arial, helvetica, sans-serif;\"><span style=\"font-size: 20px;\"><strong><span style=\"font-family: 'courier new', courier, monospace;\">&#8211; die schwachen &#8211; <\/span><\/strong><\/span>sind ein loses und freies Netzwerk mit vielen L\u00f6chern,<br><\/span><span style=\"font-family: arial, helvetica, sans-serif;\">welches mutigen Mitgliedern und draufg\u00e4ngerischen Interessentinnen trotz aller Gefahren zur Verf\u00fcgung steht.<\/span><\/p>\n\n\n\n<p class=\"has-text-align-center\"><span style=\"font-family: arial, helvetica, sans-serif;\">Jedes Mitglied geht im Angesicht seiner Schwachheit&nbsp;in Selbstverantwortung vor.<br><\/span><span style=\"font-family: arial, helvetica, sans-serif;\">In diesem Bewusstsein der Verantwortung gegen\u00fcber der schwachen Idee,<br>haften alle Mitglieder&nbsp;<\/span><span style=\"font-family: arial, helvetica, sans-serif;\">f\u00fcr ihre eigenen Schw\u00e4chen pers\u00f6nlich.<\/span><\/p>\n\n\n<div class=\"wp-block-image\">\n<figure class=\"aligncenter\"><img loading=\"lazy\" decoding=\"async\" width=\"1000\" height=\"704\" src=\"https:\/\/www.guentherfloner.at\/dieschwachen\/wp-content\/uploads\/2023\/02\/card007.diplomatisch1000m704px.jpg\" alt=\"Die Starken sind diplomatisch\" class=\"wp-image-311\" srcset=\"https:\/\/www.guentherfloner.at\/dieschwachen\/wp-content\/uploads\/2023\/02\/card007.diplomatisch1000m704px.jpg 1000w, https:\/\/www.guentherfloner.at\/dieschwachen\/wp-content\/uploads\/2023\/02\/card007.diplomatisch1000m704px-300x211.jpg 300w\" sizes=\"auto, (max-width: 1000px) 100vw, 1000px\" \/><\/figure>\n<\/div>\n\n\n<p class=\"has-text-align-center\"><\/p>\n\n\n\n<p class=\"has-text-align-center\"><span style=\"font-family: arial, helvetica, sans-serif;\">Die Bewegung kann nicht mit Beschl\u00fcssen&nbsp;zum Stillstand gebracht werden,<\/span><br><span style=\"font-family: arial, helvetica, sans-serif;\">da keine Abstimmungen durchgef\u00fchrt werden.<\/span><\/p>\n","protected":false},"excerpt":{"rendered":"<p>Die Bewegung &#8211; die schwachen &#8211; sind ein loses und freies Netzwerk mit vielen L\u00f6chern,welches mutigen Mitgliedern und draufg\u00e4ngerischen Interessentinnen trotz aller Gefahren zur Verf\u00fcgung steht. Jedes Mitglied geht im Angesicht seiner Schwachheit&nbsp;in Selbstverantwortung&#46;&#46;&#46;<\/p>\n","protected":false},"author":1,"featured_media":0,"parent":0,"menu_order":0,"comment_status":"closed","ping_status":"closed","template":"","meta":{"footnotes":""},"class_list":["post-82","page","type-page","status-publish","hentry"],"_links":{"self":[{"href":"https:\/\/www.guentherfloner.at\/dieschwachen\/wp-json\/wp\/v2\/pages\/82","targetHints":{"allow":["GET"]}}],"collection":[{"href":"https:\/\/www.guentherfloner.at\/dieschwachen\/wp-json\/wp\/v2\/pages"}],"about":[{"href":"https:\/\/www.guentherfloner.at\/dieschwachen\/wp-json\/wp\/v2\/types\/page"}],"author":[{"embeddable":true,"href":"https:\/\/www.guentherfloner.at\/dieschwachen\/wp-json\/wp\/v2\/users\/1"}],"replies":[{"embeddable":true,"href":"https:\/\/www.guentherfloner.at\/dieschwachen\/wp-json\/wp\/v2\/comments?post=82"}],"version-history":[{"count":5,"href":"https:\/\/www.guentherfloner.at\/dieschwachen\/wp-json\/wp\/v2\/pages\/82\/revisions"}],"predecessor-version":[{"id":422,"href":"https:\/\/www.guentherfloner.at\/dieschwachen\/wp-json\/wp\/v2\/pages\/82\/revisions\/422"}],"wp:attachment":[{"href":"https:\/\/www.guentherfloner.at\/dieschwachen\/wp-json\/wp\/v2\/media?parent=82"}],"curies":[{"name":"wp","href":"https:\/\/api.w.org\/{rel}","templated":true}]}}