{"id":56,"date":"2015-12-31T20:42:20","date_gmt":"2015-12-31T19:42:20","guid":{"rendered":"http:\/\/www.guentherfloner.at\/dieschwachen\/?page_id=56"},"modified":"2024-04-02T15:40:09","modified_gmt":"2024-04-02T13:40:09","slug":"startseite","status":"publish","type":"page","link":"https:\/\/www.guentherfloner.at\/dieschwachen\/","title":{"rendered":"Startseite"},"content":{"rendered":"\n<h4 class=\"wp-block-heading has-text-align-center\">Sie sind ein aufstrebender&nbsp;und immer cooler Mensch?<br>Dann lesen Sie bitte nicht weiter.<\/h4>\n\n\n\n<p class=\"has-text-align-center\">Wenn gar die \u00d6ffentlichkeit erf\u00e4hrt, dass Sie sich f\u00fcr &#8211; die schwachen &#8211; interessieren,<br>kann das drastische Folgen haben f\u00fcr Sie.<br>Verstehen Sie?<\/p>\n\n\n\n<p><\/p>\n\n\n\n<p class=\"has-text-align-center\"><br>Schwerwiegende Nachteile k\u00f6nnen entstehen, Schwierigkeiten mit Freunden oder Kollegen<br>und die allerschlimmsten Folgen kann es haben, wenn ihre Gesch\u00e4ftspartner davon erfahren.<br>Was sollen sie alle denn von Ihnen denken?<br>Sind Sie vielleicht&nbsp;auch einer von &#8211; die schwachen -?<br>Schlimm.<\/p>\n\n\n\n<p><\/p>\n\n\n<div class=\"wp-block-image\">\n<figure class=\"aligncenter size-large\"><a href=\"https:\/\/www.guentherfloner.at\/dieschwachen\/337\/manifest\/\"><img loading=\"lazy\" decoding=\"async\" width=\"1024\" height=\"260\" src=\"https:\/\/www.guentherfloner.at\/dieschwachen\/wp-content\/uploads\/2024\/03\/grundsatzerklaerungmanifesttextundgerahmt1380m350px-1024x260.jpg\" alt=\"die schwachen - Die Grundsatzerkl\u00e4rung\" class=\"wp-image-372\" srcset=\"https:\/\/www.guentherfloner.at\/dieschwachen\/wp-content\/uploads\/2024\/03\/grundsatzerklaerungmanifesttextundgerahmt1380m350px-1024x260.jpg 1024w, https:\/\/www.guentherfloner.at\/dieschwachen\/wp-content\/uploads\/2024\/03\/grundsatzerklaerungmanifesttextundgerahmt1380m350px-300x76.jpg 300w, https:\/\/www.guentherfloner.at\/dieschwachen\/wp-content\/uploads\/2024\/03\/grundsatzerklaerungmanifesttextundgerahmt1380m350px.jpg 1380w\" sizes=\"auto, (max-width: 1024px) 100vw, 1024px\" \/><\/a><figcaption class=\"wp-element-caption\">die schwachen &#8211; <a href=\"https:\/\/www.guentherfloner.at\/dieschwachen\/348\/grundsatzerklaerung\/\">Die Grundsatzerkl\u00e4rung<\/a>, <a href=\"https:\/\/www.guentherfloner.at\/dieschwachen\/337\/manifest\/\">das schwache Manifest<\/a> im Angesicht starker Heuchelei<\/figcaption><\/figure>\n<\/div>\n\n<div class=\"wp-block-image\">\n<figure class=\"aligncenter size-large\"><a href=\"https:\/\/www.guentherfloner.at\/dieschwachen\/333\/kommunique\/\"><img loading=\"lazy\" decoding=\"async\" width=\"1024\" height=\"260\" src=\"https:\/\/www.guentherfloner.at\/dieschwachen\/wp-content\/uploads\/2024\/03\/denkschriftkommuniquetextundgerahmt1380m350px-1024x260.jpg\" alt=\"die schwachen - Die Denkschrift, das Kommunique\" class=\"wp-image-373\" srcset=\"https:\/\/www.guentherfloner.at\/dieschwachen\/wp-content\/uploads\/2024\/03\/denkschriftkommuniquetextundgerahmt1380m350px-1024x260.jpg 1024w, https:\/\/www.guentherfloner.at\/dieschwachen\/wp-content\/uploads\/2024\/03\/denkschriftkommuniquetextundgerahmt1380m350px-300x76.jpg 300w, https:\/\/www.guentherfloner.at\/dieschwachen\/wp-content\/uploads\/2024\/03\/denkschriftkommuniquetextundgerahmt1380m350px.jpg 1380w\" sizes=\"auto, (max-width: 1024px) 100vw, 1024px\" \/><\/a><figcaption class=\"wp-element-caption\">die schwachen &#8211; <a href=\"https:\/\/www.guentherfloner.at\/dieschwachen\/333\/kommunique\/\">Die Denkschrift, das Kommunique<\/a><\/figcaption><\/figure>\n<\/div>\n\n\n<p class=\"has-text-align-center\"><br>Haben Sie gar auch selbst Schw\u00e4chen?<br>Eine Katastrophe.<br>Und zeigen sie diese dann auch noch?<br>Nicht auszudenken.<br>Ein Wahnsinn.<\/p>\n\n\n\n<p><\/p>\n\n\n<div class=\"wp-block-image\">\n<figure class=\"aligncenter size-large\"><a href=\"https:\/\/www.guentherfloner.at\/dieschwachen\/320\/die-bewegung\/\"><img loading=\"lazy\" decoding=\"async\" width=\"1024\" height=\"260\" src=\"https:\/\/www.guentherfloner.at\/dieschwachen\/wp-content\/uploads\/2024\/03\/diebewegungtextundgerahmt1380m350px-1024x260.jpg\" alt=\"die schwachen - Die Bewegung\" class=\"wp-image-353\" srcset=\"https:\/\/www.guentherfloner.at\/dieschwachen\/wp-content\/uploads\/2024\/03\/diebewegungtextundgerahmt1380m350px-1024x260.jpg 1024w, https:\/\/www.guentherfloner.at\/dieschwachen\/wp-content\/uploads\/2024\/03\/diebewegungtextundgerahmt1380m350px-300x76.jpg 300w, https:\/\/www.guentherfloner.at\/dieschwachen\/wp-content\/uploads\/2024\/03\/diebewegungtextundgerahmt1380m350px.jpg 1380w\" sizes=\"auto, (max-width: 1024px) 100vw, 1024px\" \/><\/a><figcaption class=\"wp-element-caption\">die schwachen &#8211; <a href=\"https:\/\/www.guentherfloner.at\/dieschwachen\/320\/die-bewegung\/\">Die Bewegung, ihre Ausrichtung und Struktur<\/a><\/figcaption><\/figure>\n<\/div>\n\n\n<p class=\"has-text-align-center\"><br>Sie wollen gl\u00e4nzen &#8211; sie&nbsp;wollen sich profilieren, beruflich und gesellschaftlich erfolgreich und angesehen sein in der \u00d6ffentlichkeit?<br>Seien Sie auf der Hut: eine N\u00e4he zu &#8211; die schwachen &#8211; kann Ihre Existenz bedrohen!<\/p>\n\n\n\n<p><\/p>\n\n\n<div class=\"wp-block-image\">\n<figure class=\"aligncenter size-large\"><a href=\"https:\/\/www.guentherfloner.at\/dieschwachen\/mitgliedschaft\/\"><img loading=\"lazy\" decoding=\"async\" width=\"1024\" height=\"260\" src=\"https:\/\/www.guentherfloner.at\/dieschwachen\/wp-content\/uploads\/2024\/03\/mitgliedschafttextundgerahmt1380m350px-1024x260.jpg\" alt=\"die schwachen - Mitgliedschaft\" class=\"wp-image-375\" srcset=\"https:\/\/www.guentherfloner.at\/dieschwachen\/wp-content\/uploads\/2024\/03\/mitgliedschafttextundgerahmt1380m350px-1024x260.jpg 1024w, https:\/\/www.guentherfloner.at\/dieschwachen\/wp-content\/uploads\/2024\/03\/mitgliedschafttextundgerahmt1380m350px-300x76.jpg 300w, https:\/\/www.guentherfloner.at\/dieschwachen\/wp-content\/uploads\/2024\/03\/mitgliedschafttextundgerahmt1380m350px.jpg 1380w\" sizes=\"auto, (max-width: 1024px) 100vw, 1024px\" \/><\/a><figcaption class=\"wp-element-caption\">die schwachen &#8211; \u00dcberaus brisant und vor allem l\u00e4cherlich: <a href=\"https:\/\/www.guentherfloner.at\/dieschwachen\/mitgliedschaft\/\">die Mitgliedschaft<\/a><\/figcaption><\/figure>\n<\/div>\n\n\n<p><\/p>\n\n\n\n<h3 class=\"wp-block-heading has-text-align-center\">Sagen Sie nicht, Sie seien nicht gewarnt worden.<\/h3>\n\n\n\n<p>\u00a0<\/p>\n<p>\u00a0<\/p>\n\n\n<div class=\"wp-block-image\">\n<figure class=\"aligncenter size-large\"><a href=\"https:\/\/www.guentherfloner.at\/dieschwachen\/322\/geschichte\/\"><img loading=\"lazy\" decoding=\"async\" width=\"1024\" height=\"260\" src=\"https:\/\/www.guentherfloner.at\/dieschwachen\/wp-content\/uploads\/2024\/03\/historischestextundgerahmt1380m350px-1024x260.jpg\" alt=\"die schwachen - Historisches\" class=\"wp-image-389\" srcset=\"https:\/\/www.guentherfloner.at\/dieschwachen\/wp-content\/uploads\/2024\/03\/historischestextundgerahmt1380m350px-1024x260.jpg 1024w, https:\/\/www.guentherfloner.at\/dieschwachen\/wp-content\/uploads\/2024\/03\/historischestextundgerahmt1380m350px-300x76.jpg 300w, https:\/\/www.guentherfloner.at\/dieschwachen\/wp-content\/uploads\/2024\/03\/historischestextundgerahmt1380m350px.jpg 1380w\" sizes=\"auto, (max-width: 1024px) 100vw, 1024px\" \/><\/a><figcaption class=\"wp-element-caption\">die schwachen &#8211; <a href=\"https:\/\/www.guentherfloner.at\/dieschwachen\/322\/geschichte\/\">Geschichte und Herkunft &#8211; Historische Eins\u00e4tze<\/a><\/figcaption><\/figure>\n<\/div>\n\n\n<h3 class=\"wp-block-heading has-text-align-center\">&nbsp;<\/h3>\n\n\n<div class=\"wp-block-image\">\n<figure class=\"aligncenter size-large\"><a href=\"https:\/\/www.guentherfloner.at\/dieschwachen\/327\/gruendungskonferenz\/\"><img loading=\"lazy\" decoding=\"async\" width=\"1024\" height=\"260\" src=\"https:\/\/www.guentherfloner.at\/dieschwachen\/wp-content\/uploads\/2024\/03\/gruendungskonferenztextundgerahmt1380m350px-1024x260.jpg\" alt=\"die schwachen - Die Gr\u00fcndungskonferenz\" class=\"wp-image-388\" srcset=\"https:\/\/www.guentherfloner.at\/dieschwachen\/wp-content\/uploads\/2024\/03\/gruendungskonferenztextundgerahmt1380m350px-1024x260.jpg 1024w, https:\/\/www.guentherfloner.at\/dieschwachen\/wp-content\/uploads\/2024\/03\/gruendungskonferenztextundgerahmt1380m350px-300x76.jpg 300w, https:\/\/www.guentherfloner.at\/dieschwachen\/wp-content\/uploads\/2024\/03\/gruendungskonferenztextundgerahmt1380m350px.jpg 1380w\" sizes=\"auto, (max-width: 1024px) 100vw, 1024px\" \/><\/a><figcaption class=\"wp-element-caption\">die schwachen &#8211; die \u00fcberraschend gut besuchte <a href=\"https:\/\/www.guentherfloner.at\/dieschwachen\/327\/gruendungskonferenz\/\">Gr\u00fcndungskonferenz im Amerlinghaus 2010<\/a><\/figcaption><\/figure>\n<\/div>","protected":false},"excerpt":{"rendered":"<p>Sie sind ein aufstrebender&nbsp;und immer cooler Mensch?Dann lesen Sie bitte nicht weiter. Wenn gar die \u00d6ffentlichkeit erf\u00e4hrt, dass Sie sich f\u00fcr &#8211; die schwachen &#8211; interessieren,kann das drastische Folgen haben f\u00fcr Sie.Verstehen Sie? Schwerwiegende&#46;&#46;&#46;<\/p>\n","protected":false},"author":1,"featured_media":0,"parent":0,"menu_order":0,"comment_status":"closed","ping_status":"closed","template":"","meta":{"footnotes":""},"class_list":["post-56","page","type-page","status-publish","hentry"],"_links":{"self":[{"href":"https:\/\/www.guentherfloner.at\/dieschwachen\/wp-json\/wp\/v2\/pages\/56","targetHints":{"allow":["GET"]}}],"collection":[{"href":"https:\/\/www.guentherfloner.at\/dieschwachen\/wp-json\/wp\/v2\/pages"}],"about":[{"href":"https:\/\/www.guentherfloner.at\/dieschwachen\/wp-json\/wp\/v2\/types\/page"}],"author":[{"embeddable":true,"href":"https:\/\/www.guentherfloner.at\/dieschwachen\/wp-json\/wp\/v2\/users\/1"}],"replies":[{"embeddable":true,"href":"https:\/\/www.guentherfloner.at\/dieschwachen\/wp-json\/wp\/v2\/comments?post=56"}],"version-history":[{"count":22,"href":"https:\/\/www.guentherfloner.at\/dieschwachen\/wp-json\/wp\/v2\/pages\/56\/revisions"}],"predecessor-version":[{"id":421,"href":"https:\/\/www.guentherfloner.at\/dieschwachen\/wp-json\/wp\/v2\/pages\/56\/revisions\/421"}],"wp:attachment":[{"href":"https:\/\/www.guentherfloner.at\/dieschwachen\/wp-json\/wp\/v2\/media?parent=56"}],"curies":[{"name":"wp","href":"https:\/\/api.w.org\/{rel}","templated":true}]}}