{"id":36,"date":"2015-12-31T14:17:01","date_gmt":"2015-12-31T13:17:01","guid":{"rendered":"http:\/\/www.guentherfloner.at\/dieschwachen\/?page_id=36"},"modified":"2024-04-02T16:44:14","modified_gmt":"2024-04-02T14:44:14","slug":"der-autor","status":"publish","type":"page","link":"https:\/\/www.guentherfloner.at\/dieschwachen\/der-autor\/","title":{"rendered":"Der Autor"},"content":{"rendered":"\n<p class=\"has-text-align-left\">Der Autor und Verantwortliche dieser Webseite ist <a title=\"Wenn Sie hier klicken, \u00f6ffnet sich die Hauptwebseite von G\u00fcnther Floner &quot;Visionen in Bildern&quot;\" href=\"https:\/\/www.guentherfloner.at\/\" target=\"_blank\" rel=\"noopener\">G\u00fcnther Floner<\/a>. <\/p>\n\n\n\n<p class=\"has-text-align-left\">Im eigentlichen Leben ist er <a title=\"Wenn Sie hier klicken, \u00f6ffnet sich die Webseite &quot;Die Vision vom Himmel auf Erden&quot;\" href=\"https:\/\/www.guentherfloner.at\/1473\/die-vision-vom-himmel-auf-erden\/\" target=\"_blank\" rel=\"noopener\">Wahrheitssucher und Sinnfinder<\/a> in eigener Sache.<br>Hauptberuflich t\u00e4tig als <a href=\"https:\/\/www.guentherfloner.at\/soziokultur\/\" target=\"_blank\" rel=\"noreferrer noopener\">Kulturarbeiter <\/a>, <a href=\"https:\/\/www.guentherfloner.at\/dasleisekulturhaus\/\" target=\"_blank\" rel=\"noreferrer noopener\">Bildender K\u00fcnstler<\/a> und <a title=\"Wenn Sie hier klicken, \u00f6ffnen sich die Webseiten mit dem aktuellen Projekt &quot;Der Kulturgarten wild und frei&quot;\" href=\"https:\/\/www.guentherfloner.at\/derkulturgartenwildundfrei\/category\/das-leise-kulturhaus\/\" target=\"_blank\" rel=\"noopener\">Sch\u00f6pfungsg\u00e4rtner<\/a>. <\/p>\n\n\n\n<p class=\"has-text-align-left\">Seine Wege sind unergr\u00fcndlich und auch f\u00fcr ihn selbst nicht vorhersehbar.<\/p>\n\n\n\n<p class=\"has-text-align-left\">Lassen Sie sich von einem seiner Projekte und Arbeiten inspirieren.<br>Sie k\u00f6nnen dies jederzeit online tun, indem Sie einen der oben vorgeschlagenen Links anklicken<br>oder die Schlagworte &#8222;Soziokultur \u00d6sterreich&#8220;, &#8222;Der Kulturgarten wild und frei&#8220;, &#8222;Das leise Kulturhaus&#8220; oder einfach &#8222;G\u00fcnther Floner&#8220; in eine Suchmaschine eingeben &#8211; und klicken Sie sich sorglos durch Bilder und Beitr\u00e4ge oder lesen Sie <a title=\"Wenn Sie hier klicken, \u00f6ffnet sich die Webseite zum Roman &quot; Ein Weg ohne Ende&quot;\" href=\"https:\/\/www.guentherfloner.at\/einwegohneende\/\" target=\"_blank\" rel=\"noopener\">&#8222;Ein Weg ohne Ende&#8220; &#8211; Ein Roman \u00fcber das Leben im Diesseits und im Jenseits von G\u00fcnther Floner<\/a>.<br><\/p>\n\n\n\n<p>Und abschlie\u00dfend noch eine wichtige Information, ein wichtiger Rat f\u00fcr Sie: <br>Bitte bleiben Sie schwach.<\/p>\n\n\n\n<p>Wenn Sie noch weitere Fragen haben oder auf Grund Ihrer Schw\u00e4che unschl\u00fcssig sind, schreiben Sie einfach ein Email mit Ihrem schwachen Betreff an G\u00fcnther Floner.<\/p>\n\n\n\n<p><a href=\"mailto:info@guentherfloner.at\">info@guentherfloner.at<\/a><\/p>\n\n\n\n\n<div class=\"wp-block-image\">\n<figure class=\"alignright size-full\"><a href=\"https:\/\/www.guentherfloner.at\/dieschwachen\"><img loading=\"lazy\" decoding=\"async\" width=\"300\" height=\"76\" src=\"https:\/\/www.guentherfloner.at\/dieschwachen\/wp-content\/uploads\/2024\/03\/zurueckzurstartseitetextundgerahmt300m76px.jpg\" alt=\"zur\u00fcck zur Startseite\" class=\"wp-image-335\"\/><\/a><\/figure>\n<\/div>\n\n","protected":false},"excerpt":{"rendered":"<p>Der Autor und Verantwortliche dieser Webseite ist G\u00fcnther Floner. Im eigentlichen Leben ist er Wahrheitssucher und Sinnfinder in eigener Sache.Hauptberuflich t\u00e4tig als Kulturarbeiter , Bildender K\u00fcnstler und Sch\u00f6pfungsg\u00e4rtner. Seine Wege sind unergr\u00fcndlich und auch&#46;&#46;&#46;<\/p>\n","protected":false},"author":1,"featured_media":42,"parent":0,"menu_order":0,"comment_status":"closed","ping_status":"closed","template":"","meta":{"footnotes":""},"class_list":["post-36","page","type-page","status-publish","has-post-thumbnail","hentry"],"_links":{"self":[{"href":"https:\/\/www.guentherfloner.at\/dieschwachen\/wp-json\/wp\/v2\/pages\/36","targetHints":{"allow":["GET"]}}],"collection":[{"href":"https:\/\/www.guentherfloner.at\/dieschwachen\/wp-json\/wp\/v2\/pages"}],"about":[{"href":"https:\/\/www.guentherfloner.at\/dieschwachen\/wp-json\/wp\/v2\/types\/page"}],"author":[{"embeddable":true,"href":"https:\/\/www.guentherfloner.at\/dieschwachen\/wp-json\/wp\/v2\/users\/1"}],"replies":[{"embeddable":true,"href":"https:\/\/www.guentherfloner.at\/dieschwachen\/wp-json\/wp\/v2\/comments?post=36"}],"version-history":[{"count":10,"href":"https:\/\/www.guentherfloner.at\/dieschwachen\/wp-json\/wp\/v2\/pages\/36\/revisions"}],"predecessor-version":[{"id":439,"href":"https:\/\/www.guentherfloner.at\/dieschwachen\/wp-json\/wp\/v2\/pages\/36\/revisions\/439"}],"wp:featuredmedia":[{"embeddable":true,"href":"https:\/\/www.guentherfloner.at\/dieschwachen\/wp-json\/wp\/v2\/media\/42"}],"wp:attachment":[{"href":"https:\/\/www.guentherfloner.at\/dieschwachen\/wp-json\/wp\/v2\/media?parent=36"}],"curies":[{"name":"wp","href":"https:\/\/api.w.org\/{rel}","templated":true}]}}