{"id":245,"date":"2018-05-23T11:50:48","date_gmt":"2018-05-23T09:50:48","guid":{"rendered":"https:\/\/www.guentherfloner.at\/dieschwachen\/?page_id=245"},"modified":"2024-04-02T16:13:45","modified_gmt":"2024-04-02T14:13:45","slug":"datenschutzerklaerung","status":"publish","type":"page","link":"https:\/\/www.guentherfloner.at\/dieschwachen\/datenschutzerklaerung\/","title":{"rendered":"Datenschutzerkl\u00e4rung"},"content":{"rendered":"<h2>1. Wer wir sind<\/h2>\n<p>Die Adresse unserer Website ist: <a href=\"https:\/\/www.guentherfloner.at\/dieschwachen\">https:\/\/www.guentherfloner.at\/dieschwachen<\/a>.<\/p>\n<p>Verantwortlich: G\u00fcnther Floner<\/p>\n<h2>2. Wir sammeln keine personenbezogenen Daten.<\/h2>\n<h3>Kommentare sind nur per E-mail m\u00f6glich:<\/h3>\n<p><a href=\"mailto:info@guentherfloner.at\">info@guentherfloner.at<\/a><\/p>\n<h3>Medien<\/h3>\n<p>Wenn Sie ein registrierter Benutzer sind und Fotos auf diese Website laden, sollten Sie vermeiden, Fotos mit einem EXIF-GPS-Standort hochzuladen. Besucher dieser Website k\u00f6nnten Fotos, die auf dieser Website gespeichert sind, herunterladen und deren Standort-Informationen extrahieren.<\/p>\n<h3>Eingebettete Inhalte von anderen Websites<\/h3>\n<p>Beitr\u00e4ge auf dieser Website k\u00f6nnen eingebettete Inhalte beinhalten (z.\u00a0B. Videos, Bilder, Beitr\u00e4ge etc.). Eingebettete Inhalte von anderen Websites verhalten sich exakt so, als ob der Besucher die andere Website besucht h\u00e4tte.<\/p>\n<p>Diese Websites k\u00f6nnen Daten \u00fcber Sie sammeln, Cookies benutzen, zus\u00e4tzliche Tracking-Dienste von Dritten einbetten und Ihre Interaktion mit diesem eingebetteten Inhalt aufzeichnen, inklusive Ihrer Interaktion mit dem eingebetteten Inhalt, falls Sie ein Konto haben und auf dieser Website angemeldet sind.<\/p>\n<h3>Analysedienste sind von unserer Seite keine vorhanden.<\/h3>\n<p>Unser Webhosting-Konto stellt\u00a0 <em>World4you Internet Services\u00a0<\/em> zur Verf\u00fcgung.<\/p>\n<h2>3. Wir speichern grunds\u00e4tzlich keine Ihrer Daten.<\/h2>\n<p>F\u00fcr Benutzer, die sich auf unserer Website registrieren, speichern wir die pers\u00f6nlichen Informationen, die sie in ihren Benutzerprofilen angeben. Alle Benutzer k\u00f6nnen jederzeit ihre pers\u00f6nlichen Informationen einsehen, ver\u00e4ndern oder l\u00f6schen (der Benutzername kann nicht ver\u00e4ndert werden). Administratoren der Website k\u00f6nnen diese Informationen ebenfalls einsehen und ver\u00e4ndern.<\/p>\n<h2>4. Welche Rechte Sie an Ihren Daten haben:<\/h2>\n<p>Wenn Sie ein Konto auf dieser Website besitzen, k\u00f6nnen Sie einen Export Ihrer personenbezogenen Daten bei uns anfordern, inklusive aller Daten, die Sie uns mitgeteilt haben. Dar\u00fcber hinaus k\u00f6nnen Sie die L\u00f6schung aller personenbezogenen Daten, die wir von Ihnen gespeichert haben, anfordern. Dies umfasst nicht die Daten, die wir aufgrund administrativer, rechtlicher oder sicherheitsrelevanter Notwendigkeiten aufbewahren m\u00fcssen.<\/p>\n<h2>5. Wir senden Ihre Daten nirgendwohin.<\/h2>\n<p>Besucher-Kommentare k\u00f6nnten von einem automatisierten Dienst zur Spam-Erkennung untersucht werden.<\/p>\n<h2>Weitere Kontakt-Informationen:<\/h2>\n<p>Wir arbeiten auf der st\u00e4ndig aktualisierten Plattform von\u00a0 <em>WordPress.com<\/em>.<br \/>\nWir halten unsere Webseiten durch laufende Updates immer auf neuestem Stand.<br \/>\nUnsere sichere https-Verbindung ist hackergesch\u00fctzt mit dem System\u00a0 <em>Let&#8217;s Encript<\/em>.<\/p>\n","protected":false},"excerpt":{"rendered":"<p>1. Wer wir sind Die Adresse unserer Website ist: https:\/\/www.guentherfloner.at\/dieschwachen. Verantwortlich: G\u00fcnther Floner 2. Wir sammeln keine personenbezogenen Daten. Kommentare sind nur per E-mail m\u00f6glich: info@guentherfloner.at Medien Wenn Sie ein registrierter Benutzer sind und&#46;&#46;&#46;<\/p>\n","protected":false},"author":1,"featured_media":0,"parent":0,"menu_order":0,"comment_status":"closed","ping_status":"closed","template":"","meta":{"footnotes":""},"class_list":["post-245","page","type-page","status-publish","hentry"],"_links":{"self":[{"href":"https:\/\/www.guentherfloner.at\/dieschwachen\/wp-json\/wp\/v2\/pages\/245","targetHints":{"allow":["GET"]}}],"collection":[{"href":"https:\/\/www.guentherfloner.at\/dieschwachen\/wp-json\/wp\/v2\/pages"}],"about":[{"href":"https:\/\/www.guentherfloner.at\/dieschwachen\/wp-json\/wp\/v2\/types\/page"}],"author":[{"embeddable":true,"href":"https:\/\/www.guentherfloner.at\/dieschwachen\/wp-json\/wp\/v2\/users\/1"}],"replies":[{"embeddable":true,"href":"https:\/\/www.guentherfloner.at\/dieschwachen\/wp-json\/wp\/v2\/comments?post=245"}],"version-history":[{"count":1,"href":"https:\/\/www.guentherfloner.at\/dieschwachen\/wp-json\/wp\/v2\/pages\/245\/revisions"}],"predecessor-version":[{"id":246,"href":"https:\/\/www.guentherfloner.at\/dieschwachen\/wp-json\/wp\/v2\/pages\/245\/revisions\/246"}],"wp:attachment":[{"href":"https:\/\/www.guentherfloner.at\/dieschwachen\/wp-json\/wp\/v2\/media?parent=245"}],"curies":[{"name":"wp","href":"https:\/\/api.w.org\/{rel}","templated":true}]}}