{"id":100,"date":"2016-01-02T18:47:37","date_gmt":"2016-01-02T17:47:37","guid":{"rendered":"http:\/\/www.guentherfloner.at\/dieschwachen\/?page_id=100"},"modified":"2024-04-02T15:44:36","modified_gmt":"2024-04-02T13:44:36","slug":"mitgliedschaft","status":"publish","type":"page","link":"https:\/\/www.guentherfloner.at\/dieschwachen\/mitgliedschaft\/","title":{"rendered":"Mitgliedschaft"},"content":{"rendered":"\n<p class=\"has-text-align-center\"><span style=\"font-family: arial, helvetica, sans-serif;\">Ja, ich habe die ernsthaften Warnungen auf <a title=\"Wenn Sie hier klicken, \u00f6ffnet sich die Startseite zum Nachlesen\" href=\"http:\/\/www.guentherfloner.at\/dieschwachen\/startseite\/\">Seite 1 (Startseite)<\/a> aufmerksam und wiederholt gelesen und verstanden.<\/span><br><span style=\"font-family: arial, helvetica, sans-serif;\">Es ist mir bewusst, dass es ungem\u00fctlich&nbsp;f\u00fcr mich sein kann,<br>wenn ich \u00f6ffentlich Schw\u00e4che zeige. <\/span><\/p>\n\n\n<div class=\"wp-block-image\">\n<figure class=\"aligncenter size-large\"><img loading=\"lazy\" decoding=\"async\" width=\"1024\" height=\"260\" src=\"https:\/\/www.guentherfloner.at\/dieschwachen\/wp-content\/uploads\/2024\/03\/mitgliedschafttextundgerahmt1380m350px-1024x260.jpg\" alt=\"die schwachen - Mitgliedschaft\" class=\"wp-image-375\" srcset=\"https:\/\/www.guentherfloner.at\/dieschwachen\/wp-content\/uploads\/2024\/03\/mitgliedschafttextundgerahmt1380m350px-1024x260.jpg 1024w, https:\/\/www.guentherfloner.at\/dieschwachen\/wp-content\/uploads\/2024\/03\/mitgliedschafttextundgerahmt1380m350px-300x76.jpg 300w, https:\/\/www.guentherfloner.at\/dieschwachen\/wp-content\/uploads\/2024\/03\/mitgliedschafttextundgerahmt1380m350px.jpg 1380w\" sizes=\"auto, (max-width: 1024px) 100vw, 1024px\" \/><figcaption class=\"wp-element-caption\">die schwachen &#8211; eine Mitgliedschaft, die sSie sich wirklich gut \u00fcberlegen sollten<\/figcaption><\/figure>\n<\/div>\n\n\n<p class=\"has-text-align-center\"><span style=\"font-family: arial, helvetica, sans-serif;\">Es ist mir bewusst, dass eine <a title=\"Wenn Sie hier klicken, \u00f6ffnet sich die Seite 'Die schwache Bewegung'\" href=\"http:\/\/www.guentherfloner.at\/dieschwachen\/diebewegung\/\">selbstverantwortliche Mitgliedschaft<\/a> bei<\/span><br><span style=\"font-family: arial, helvetica, sans-serif;\"><strong><span style=\"font-family: 'courier new', courier, monospace; font-size: 20px;\">&#8211; die &nbsp;schwachen &#8211;<\/span><\/strong><br>meine Existenz bedrohen kann.<\/span><br><span style=\"font-family: arial, helvetica, sans-serif;\">Meine sogenannten Freunde, meine Kollegen und meine Gesch\u00e4ftspartner k\u00f6nnten mich verlachen, verspotten und versto\u00dfen.<\/span><br><span style=\"font-family: arial, helvetica, sans-serif;\">All das wei\u00df ich und auch, dass ich nichts bekomme f\u00fcr eine Mitgliedschaft hier, au\u00dfer mir pers\u00f6nlich zu beweisen, dass ich doch Mut habe.<\/span><\/p>\n\n\n\n<p class=\"has-text-align-center\"><span style=\"font-family: arial, helvetica, sans-serif;\">Trotz dieser <a title=\"Wenn Sie hier klicken, k\u00f6nnen Sie noch einmalalle eindringlichen und logischen Argumente gegen eine Unterst\u00fctzung durchlesen\" href=\"http:\/\/www.guentherfloner.at\/dieschwachen\/startseite\/\">vielf\u00e4ltigen und nachdr\u00fccklichen Warnungen<\/a> bestehe ich also stur darauf, diese&nbsp;<a title=\"Wenn Sie hier klicken,k\u00f6nnen Sie noch einmal die Grundsatzerkl\u00e4rung von - die schwachen - lesen\" href=\"http:\/\/www.guentherfloner.at\/dieschwachen\/kommunique\/\">Schwach-Willigkeit<\/a><br>auch und vor allem in Zeiten wie diesen zu bef\u00fcrworten<\/span><br><span style=\"font-family: arial, helvetica, sans-serif;\">und sende jetzt wirklich eine Nachricht an<\/span><\/p>\n\n\n\n<p class=\"has-text-align-center\"><span style=\"font-family: arial, helvetica, sans-serif;\"><a title=\"Wenn Sie hier klicken, k\u00f6nnen Sie gleich mutig Ihre Zustimmung versenden \" href=\"mailto:info@guentherfloner.at\">info@guentherfloner.at<\/a><\/span><\/p>\n\n\n\n<p class=\"has-text-align-center\"><span style=\"font-family: arial, helvetica, sans-serif;\">mit dem Betreff: <strong>die schwachen &#8211; ja, ich will!<\/strong>&nbsp;<\/span><\/p>\n\n\n\n<p><\/p>\n\n\n<div class=\"wp-block-image\">\n<figure class=\"alignright size-full\"><a href=\"https:\/\/www.guentherfloner.at\/dieschwachen\/\"><img loading=\"lazy\" decoding=\"async\" width=\"300\" height=\"76\" src=\"https:\/\/www.guentherfloner.at\/dieschwachen\/wp-content\/uploads\/2024\/03\/zurueckzurstartseitetextundgerahmt300m76px.jpg\" alt=\"zur\u00fcck zur Startseite\" class=\"wp-image-335\"\/><\/a><\/figure>\n<\/div>","protected":false},"excerpt":{"rendered":"<p>Ja, ich habe die ernsthaften Warnungen auf Seite 1 (Startseite) aufmerksam und wiederholt gelesen und verstanden.Es ist mir bewusst, dass es ungem\u00fctlich&nbsp;f\u00fcr mich sein kann,wenn ich \u00f6ffentlich Schw\u00e4che zeige. Es ist mir bewusst, dass&#46;&#46;&#46;<\/p>\n","protected":false},"author":1,"featured_media":0,"parent":0,"menu_order":0,"comment_status":"closed","ping_status":"open","template":"","meta":{"footnotes":""},"class_list":["post-100","page","type-page","status-publish","hentry"],"_links":{"self":[{"href":"https:\/\/www.guentherfloner.at\/dieschwachen\/wp-json\/wp\/v2\/pages\/100","targetHints":{"allow":["GET"]}}],"collection":[{"href":"https:\/\/www.guentherfloner.at\/dieschwachen\/wp-json\/wp\/v2\/pages"}],"about":[{"href":"https:\/\/www.guentherfloner.at\/dieschwachen\/wp-json\/wp\/v2\/types\/page"}],"author":[{"embeddable":true,"href":"https:\/\/www.guentherfloner.at\/dieschwachen\/wp-json\/wp\/v2\/users\/1"}],"replies":[{"embeddable":true,"href":"https:\/\/www.guentherfloner.at\/dieschwachen\/wp-json\/wp\/v2\/comments?post=100"}],"version-history":[{"count":5,"href":"https:\/\/www.guentherfloner.at\/dieschwachen\/wp-json\/wp\/v2\/pages\/100\/revisions"}],"predecessor-version":[{"id":419,"href":"https:\/\/www.guentherfloner.at\/dieschwachen\/wp-json\/wp\/v2\/pages\/100\/revisions\/419"}],"wp:attachment":[{"href":"https:\/\/www.guentherfloner.at\/dieschwachen\/wp-json\/wp\/v2\/media?parent=100"}],"curies":[{"name":"wp","href":"https:\/\/api.w.org\/{rel}","templated":true}]}}